{"id":14,"date":"2023-06-10T18:08:34","date_gmt":"2023-06-10T21:08:34","guid":{"rendered":"http:\/\/edevaldoramalho.com.br\/?page_id=14"},"modified":"2025-10-31T23:07:20","modified_gmt":"2025-11-01T02:07:20","slug":"about","status":"publish","type":"page","link":"https:\/\/edevaldoramalho.com.br\/?page_id=14","title":{"rendered":"About"},"content":{"rendered":"\n<p class=\"has-text-align-left has-black-color has-text-color has-link-color has-medium-font-size wp-elements-2078357f0a62b0ef9c038028335a1561\">Criado como um projeto independente de comunica\u00e7\u00e3o, o Blog do Edevaldo Ramalho<br>nasceu do desejo de oferecer um espa\u00e7o livre e comprometido com a verdade, a<br>informa\u00e7\u00e3o de qualidade e a valoriza\u00e7\u00e3o do jornalismo regional. Desde sua funda\u00e7\u00e3o, o<br>blog se consolidou como um canal de credibilidade, aproximando o p\u00fablico dos temas<br>mais relevantes para o Rio Grande do Norte e para o Brasil.<\/p>\n\n\n\n<p class=\"has-text-align-left has-black-color has-text-color has-link-color has-medium-font-size wp-elements-1a1d102726c2fafe2d5b07f44198fc2c\"><br>A miss\u00e3o do blog \u00e9 contribuir para o debate p\u00fablico de forma respons\u00e1vel e plural,<br>garantindo voz \u00e0s diversas correntes de pensamento e fortalecendo a cultura<br>democr\u00e1tica. Acreditamos que o jornalismo tem um papel essencial na constru\u00e7\u00e3o de<br>uma sociedade mais justa, consciente e participativa \u2014 por isso, buscamos sempre ir al\u00e9m<br>da simples divulga\u00e7\u00e3o de fatos, promovendo tamb\u00e9m o di\u00e1logo e a reflex\u00e3o.<\/p>\n\n\n\n<p class=\"has-text-align-left has-black-color has-text-color has-link-color has-medium-font-size wp-elements-9448324e1bfbb8bebe05a368cb25c14c\"><br>Nossa linha editorial \u00e9 guiada por uma vis\u00e3o progressista e humanista, que defende os<br>direitos sociais, o respeito \u00e0s diferen\u00e7as, a cidadania ativa e a transpar\u00eancia nas<br>institui\u00e7\u00f5es. Com esse prop\u00f3sito, o blog procura valorizar o cotidiano das pessoas, dando<br>visibilidade a temas que impactam diretamente a vida da popula\u00e7\u00e3o potiguar e<br>brasileira.<\/p>\n\n\n\n<p class=\"has-text-align-left has-black-color has-text-color has-link-color has-medium-font-size wp-elements-5c90dfddbce393e6c09d64ebb9e74b24\"><br>Mais do que informar, queremos inspirar a participa\u00e7\u00e3o popular e o pensamento<br>cr\u00edtico. O Blog do Edevaldo Ramalho acredita que cada leitor \u00e9 parte fundamental desse<br>processo e que o acesso \u00e0 informa\u00e7\u00e3o de qualidade \u00e9 o primeiro passo para transformar<br>a realidade.<\/p>\n","protected":false},"excerpt":{"rendered":"<p>Criado como um projeto independente de comunica\u00e7\u00e3o, o Blog do Edevaldo Ramalhonasceu do desejo de oferecer um espa\u00e7o livre e comprometido com a verdade, ainforma\u00e7\u00e3o de qualidade e a valoriza\u00e7\u00e3o do jornalismo regional. Desde sua funda\u00e7\u00e3o, oblog se consolidou como um canal de credibilidade, aproximando o p\u00fablico dos temasmais relevantes para o Rio Grande do [&hellip;]<\/p>\n","protected":false},"author":1,"featured_media":0,"parent":0,"menu_order":0,"comment_status":"closed","ping_status":"closed","template":"","meta":{"tdm_status":"","tdm_grid_status":"","footnotes":""},"class_list":["post-14","page","type-page","status-publish"],"_links":{"self":[{"href":"https:\/\/edevaldoramalho.com.br\/index.php?rest_route=\/wp\/v2\/pages\/14","targetHints":{"allow":["GET"]}}],"collection":[{"href":"https:\/\/edevaldoramalho.com.br\/index.php?rest_route=\/wp\/v2\/pages"}],"about":[{"href":"https:\/\/edevaldoramalho.com.br\/index.php?rest_route=\/wp\/v2\/types\/page"}],"author":[{"embeddable":true,"href":"https:\/\/edevaldoramalho.com.br\/index.php?rest_route=\/wp\/v2\/users\/1"}],"replies":[{"embeddable":true,"href":"https:\/\/edevaldoramalho.com.br\/index.php?rest_route=%2Fwp%2Fv2%2Fcomments&post=14"}],"version-history":[{"count":2,"href":"https:\/\/edevaldoramalho.com.br\/index.php?rest_route=\/wp\/v2\/pages\/14\/revisions"}],"predecessor-version":[{"id":2860,"href":"https:\/\/edevaldoramalho.com.br\/index.php?rest_route=\/wp\/v2\/pages\/14\/revisions\/2860"}],"wp:attachment":[{"href":"https:\/\/edevaldoramalho.com.br\/index.php?rest_route=%2Fwp%2Fv2%2Fmedia&parent=14"}],"curies":[{"name":"wp","href":"https:\/\/api.w.org\/{rel}","templated":true}]}}